{"id":107,"date":"2019-12-18T14:45:21","date_gmt":"2019-12-18T17:45:21","guid":{"rendered":"https:\/\/fundicaometalurgicafenix.com.br\/?page_id=107"},"modified":"2019-12-26T17:58:25","modified_gmt":"2019-12-26T20:58:25","slug":"equipamentos","status":"publish","type":"page","link":"https:\/\/fundicaometalurgicafenix.com.br\/?page_id=107","title":{"rendered":"Forno Cubilot a Coque"},"content":{"rendered":"<p>[vc_row][vc_column]\r\n\r\n\r\n    <h2 id=\"hd-69d6834a5aebb\" class=\"li-heading  center fw-bold         vc_custom_1577393897578\" style=\"color: #dd8500;\" >\r\n        Forno Cubilot a Coque Metal\u00fargico            <\/h2>\r\n\r\n\r\n\r\n    [\/vc_column][\/vc_row][vc_row][vc_column width=&#8221;2\/4&#8243;]\r\n\r\n    <div id=\"tb-69d6834a5af03\" class=\"li-textblock         \"  >\r\n        <p><strong>Capacidade: 8,0 ton \/ hora<\/strong><\/p>\n<p style=\"text-align: Justify;\">Forno de fus\u00e3o cont\u00ednua de baixo custo de produ\u00e7\u00e3o, utiliza como fonte de energia (calor), coque metal\u00fargico que \u00e9 incandescido pelo ar insuflado pelas ventaneiras ocasionando aumento da temperatura e consequentemente fus\u00e3o da carga met\u00e1lica. Outra caracter\u00edstica que o define como um equipamento de baixo custo de produ\u00e7\u00e3o, \u00e9 a alta flexibilidade de refus\u00e3o de sucatas ferrosas como mat\u00e9rias prima de baixo custo de aquisi\u00e7\u00e3o.<\/p>\n    <\/div>\r\n\r\n\r\n     [\/vc_column][vc_column width=&#8221;1\/4&#8243;]\r\n\r\n    <div id=\"img-69d6834a5af64\" class=\"li-image           vc_custom_1576691914366\" >\r\n\r\n        \r\n            \r\n                <img loading=\"lazy\" decoding=\"async\" width=\"300\" height=\"225\" src=\"https:\/\/fundicaometalurgicafenix.com.br\/wp-content\/uploads\/2019\/12\/04-300x225.png\" class=\"img-responsive\" alt=\"\" srcset=\"https:\/\/fundicaometalurgicafenix.com.br\/wp-content\/uploads\/2019\/12\/04-300x225.png 300w, https:\/\/fundicaometalurgicafenix.com.br\/wp-content\/uploads\/2019\/12\/04-1024x768.png 1024w, https:\/\/fundicaometalurgicafenix.com.br\/wp-content\/uploads\/2019\/12\/04-768x576.png 768w, https:\/\/fundicaometalurgicafenix.com.br\/wp-content\/uploads\/2019\/12\/04-1536x1152.png 1536w, https:\/\/fundicaometalurgicafenix.com.br\/wp-content\/uploads\/2019\/12\/04-2048x1536.png 2048w\" sizes=\"auto, (max-width: 300px) 100vw, 300px\" \/>\r\n            \r\n        \r\n    <\/div>\r\n\r\n     [\/vc_column][vc_column width=&#8221;1\/4&#8243;]\r\n\r\n    <div id=\"img-69d6834a5b310\" class=\"li-image          \" >\r\n\r\n        \r\n            \r\n                <img loading=\"lazy\" decoding=\"async\" width=\"225\" height=\"300\" src=\"https:\/\/fundicaometalurgicafenix.com.br\/wp-content\/uploads\/2019\/12\/09-225x300.png\" class=\"img-responsive\" alt=\"\" srcset=\"https:\/\/fundicaometalurgicafenix.com.br\/wp-content\/uploads\/2019\/12\/09-225x300.png 225w, https:\/\/fundicaometalurgicafenix.com.br\/wp-content\/uploads\/2019\/12\/09-768x1024.png 768w, https:\/\/fundicaometalurgicafenix.com.br\/wp-content\/uploads\/2019\/12\/09-1152x1536.png 1152w, https:\/\/fundicaometalurgicafenix.com.br\/wp-content\/uploads\/2019\/12\/09-1536x2048.png 1536w\" sizes=\"auto, (max-width: 225px) 100vw, 225px\" \/>\r\n            \r\n        \r\n    <\/div>\r\n\r\n     [\/vc_column][\/vc_row][vc_row css=&#8221;.vc_custom_1576691897748{margin-top: -80px !important;}&#8221;][vc_column]\r\n\r\n    <div id=\"tb-69d6834a5b684\" class=\"li-textblock         \"  >\r\n        <p style=\"text-align: Justify;\">Metalurgicamente, \u00e9 considerado tamb\u00e9m como excelente equipamento para obten\u00e7\u00e3o de ferro fundido cinzento de boa qualidade por pomoverrecarbura\u00e7\u00e3o e manter hereditariedade da grafita lamelar no produto fundido.<\/p>\n    <\/div>\r\n\r\n\r\n     [\/vc_column][\/vc_row]<\/p>\n","protected":false},"excerpt":{"rendered":"<p>[vc_row][vc_column][\/vc_column][\/vc_row][vc_row][vc_column width=&#8221;2\/4&#8243;][\/vc_column][vc_column width=&#8221;1\/4&#8243;][\/vc_column][vc_column width=&#8221;1\/4&#8243;][\/vc_column][\/vc_row][vc_row css=&#8221;.vc_custom_1576691897748{margin-top: -80px !important;}&#8221;][vc_column][\/vc_column][\/vc_row]<\/p>\n","protected":false},"author":1,"featured_media":0,"parent":0,"menu_order":0,"comment_status":"closed","ping_status":"closed","template":"","meta":{"footnotes":""},"class_list":["post-107","page","type-page","status-publish","hentry"],"_links":{"self":[{"href":"https:\/\/fundicaometalurgicafenix.com.br\/index.php?rest_route=\/wp\/v2\/pages\/107","targetHints":{"allow":["GET"]}}],"collection":[{"href":"https:\/\/fundicaometalurgicafenix.com.br\/index.php?rest_route=\/wp\/v2\/pages"}],"about":[{"href":"https:\/\/fundicaometalurgicafenix.com.br\/index.php?rest_route=\/wp\/v2\/types\/page"}],"author":[{"embeddable":true,"href":"https:\/\/fundicaometalurgicafenix.com.br\/index.php?rest_route=\/wp\/v2\/users\/1"}],"replies":[{"embeddable":true,"href":"https:\/\/fundicaometalurgicafenix.com.br\/index.php?rest_route=%2Fwp%2Fv2%2Fcomments&post=107"}],"version-history":[{"count":4,"href":"https:\/\/fundicaometalurgicafenix.com.br\/index.php?rest_route=\/wp\/v2\/pages\/107\/revisions"}],"predecessor-version":[{"id":224,"href":"https:\/\/fundicaometalurgicafenix.com.br\/index.php?rest_route=\/wp\/v2\/pages\/107\/revisions\/224"}],"wp:attachment":[{"href":"https:\/\/fundicaometalurgicafenix.com.br\/index.php?rest_route=%2Fwp%2Fv2%2Fmedia&parent=107"}],"curies":[{"name":"wp","href":"https:\/\/api.w.org\/{rel}","templated":true}]}}