{"id":115,"date":"2019-12-18T15:12:02","date_gmt":"2019-12-18T18:12:02","guid":{"rendered":"https:\/\/fundicaometalurgicafenix.com.br\/?page_id=115"},"modified":"2019-12-26T16:14:41","modified_gmt":"2019-12-26T19:14:41","slug":"forno-eletrico-a-inducao","status":"publish","type":"page","link":"https:\/\/fundicaometalurgicafenix.com.br\/?page_id=115","title":{"rendered":"Forno el\u00e9trico a indu\u00e7\u00e3o"},"content":{"rendered":"<p>[vc_row][vc_column]\r\n\r\n\r\n    <h2 id=\"hd-6a01f36abe0be\" class=\"li-heading  center fw-bold         vc_custom_1577387677565\" style=\"color: #dd8500;\" >\r\n        Forno el\u00e9trico a indu\u00e7\u00e3o            <\/h2>\r\n\r\n\r\n\r\n    [\/vc_column][\/vc_row][vc_row][vc_column width=&#8221;2\/3&#8243;]\r\n\r\n    <div id=\"tb-6a01f36abe0fe\" class=\"li-textblock         \"  >\r\n        <h3 style=\"text-align: justify;\">01 fonte com 02 cadinhos de 2,2ton cada<br \/>\nCapacidade: 4ton \/ hora<\/h3>\n<h3 style=\"text-align: jsutify;\">Forno que utiliza energia el\u00e9trica por indu\u00e7\u00e3o para fus\u00e3o de diversos tipos de metais e tratamentos metal\u00fargicos, a fim de se obter um material comcaracter\u00edsticas mec\u00e2nicas especiais. Equipamento vers\u00e1til que permite trabalhar a altas temperaturas e de f\u00e1cil controle, para ajustes e adi\u00e7\u00f5es de elementos de ligas para obten\u00e7\u00e3o de diversos tipos de ligas.<br \/>\nCom este equipamento, estamos aptos a produzir pe\u00e7as fundidas para m\u00faltiplos seguimentos e em diversos tipos de ligas:<\/h3>\n    <\/div>\r\n\r\n\r\n     [\/vc_column][vc_column width=&#8221;1\/3&#8243;]\r\n\r\n    <div id=\"img-6a01f36abe160\" class=\"li-image          \" >\r\n\r\n        \r\n            \r\n                <img loading=\"lazy\" decoding=\"async\" width=\"1956\" height=\"1319\" src=\"https:\/\/fundicaometalurgicafenix.com.br\/wp-content\/uploads\/2019\/12\/010.png\" class=\"img-responsive\" alt=\"\" srcset=\"https:\/\/fundicaometalurgicafenix.com.br\/wp-content\/uploads\/2019\/12\/010.png 1956w, https:\/\/fundicaometalurgicafenix.com.br\/wp-content\/uploads\/2019\/12\/010-300x202.png 300w, https:\/\/fundicaometalurgicafenix.com.br\/wp-content\/uploads\/2019\/12\/010-1024x691.png 1024w, https:\/\/fundicaometalurgicafenix.com.br\/wp-content\/uploads\/2019\/12\/010-768x518.png 768w, https:\/\/fundicaometalurgicafenix.com.br\/wp-content\/uploads\/2019\/12\/010-1536x1036.png 1536w\" sizes=\"auto, (max-width: 1956px) 100vw, 1956px\" \/>\r\n            \r\n        \r\n    <\/div>\r\n\r\n     [\/vc_column][\/vc_row][vc_row][vc_column width=&#8221;1\/2&#8243;]\r\n\r\n    <div id=\"img-6a01f36abe4d8\" class=\"li-image          \" >\r\n\r\n        \r\n            \r\n                <img loading=\"lazy\" decoding=\"async\" width=\"2896\" height=\"1882\" src=\"https:\/\/fundicaometalurgicafenix.com.br\/wp-content\/uploads\/2019\/12\/011.png\" class=\"img-responsive\" alt=\"\" srcset=\"https:\/\/fundicaometalurgicafenix.com.br\/wp-content\/uploads\/2019\/12\/011.png 2896w, https:\/\/fundicaometalurgicafenix.com.br\/wp-content\/uploads\/2019\/12\/011-300x195.png 300w, https:\/\/fundicaometalurgicafenix.com.br\/wp-content\/uploads\/2019\/12\/011-1024x665.png 1024w, https:\/\/fundicaometalurgicafenix.com.br\/wp-content\/uploads\/2019\/12\/011-768x499.png 768w, https:\/\/fundicaometalurgicafenix.com.br\/wp-content\/uploads\/2019\/12\/011-1536x998.png 1536w, https:\/\/fundicaometalurgicafenix.com.br\/wp-content\/uploads\/2019\/12\/011-2048x1331.png 2048w\" sizes=\"auto, (max-width: 2896px) 100vw, 2896px\" \/>\r\n            \r\n        \r\n    <\/div>\r\n\r\n     [\/vc_column][vc_column width=&#8221;1\/2&#8243;]\r\n\r\n    <div id=\"tb-6a01f36abe77a\" class=\"li-textblock          vc_custom_1577387268883\"  >\r\n        <ul>\n<li>\n<h3>ferro fundido cinzento;<\/h3>\n<\/li>\n<li>\n<h3>ferro fundido nodular;<\/h3>\n<\/li>\n<li>\n<h3>ferro fundido branco, especiais, ni-hard;<\/h3>\n<\/li>\n<li>\n<h3>a\u00e7os baixa liga;<\/h3>\n<\/li>\n<li>\n<h3>a\u00e7os ligados, a\u00e7os mangan\u00eas;<\/h3>\n<\/li>\n<\/ul>\n    <\/div>\r\n\r\n\r\n     [\/vc_column][\/vc_row]<\/p>\n","protected":false},"excerpt":{"rendered":"<p>[vc_row][vc_column][\/vc_column][\/vc_row][vc_row][vc_column width=&#8221;2\/3&#8243;][\/vc_column][vc_column width=&#8221;1\/3&#8243;][\/vc_column][\/vc_row][vc_row][vc_column width=&#8221;1\/2&#8243;][\/vc_column][vc_column width=&#8221;1\/2&#8243;][\/vc_column][\/vc_row]<\/p>\n","protected":false},"author":1,"featured_media":0,"parent":0,"menu_order":0,"comment_status":"closed","ping_status":"closed","template":"","meta":{"footnotes":""},"class_list":["post-115","page","type-page","status-publish","hentry"],"_links":{"self":[{"href":"https:\/\/fundicaometalurgicafenix.com.br\/index.php?rest_route=\/wp\/v2\/pages\/115","targetHints":{"allow":["GET"]}}],"collection":[{"href":"https:\/\/fundicaometalurgicafenix.com.br\/index.php?rest_route=\/wp\/v2\/pages"}],"about":[{"href":"https:\/\/fundicaometalurgicafenix.com.br\/index.php?rest_route=\/wp\/v2\/types\/page"}],"author":[{"embeddable":true,"href":"https:\/\/fundicaometalurgicafenix.com.br\/index.php?rest_route=\/wp\/v2\/users\/1"}],"replies":[{"embeddable":true,"href":"https:\/\/fundicaometalurgicafenix.com.br\/index.php?rest_route=%2Fwp%2Fv2%2Fcomments&post=115"}],"version-history":[{"count":7,"href":"https:\/\/fundicaometalurgicafenix.com.br\/index.php?rest_route=\/wp\/v2\/pages\/115\/revisions"}],"predecessor-version":[{"id":186,"href":"https:\/\/fundicaometalurgicafenix.com.br\/index.php?rest_route=\/wp\/v2\/pages\/115\/revisions\/186"}],"wp:attachment":[{"href":"https:\/\/fundicaometalurgicafenix.com.br\/index.php?rest_route=%2Fwp%2Fv2%2Fmedia&parent=115"}],"curies":[{"name":"wp","href":"https:\/\/api.w.org\/{rel}","templated":true}]}}