{"id":195,"date":"2019-12-26T16:45:11","date_gmt":"2019-12-26T19:45:11","guid":{"rendered":"https:\/\/fundicaometalurgicafenix.com.br\/?page_id=195"},"modified":"2019-12-26T16:47:40","modified_gmt":"2019-12-26T19:47:40","slug":"jato-de-granalha-com-esteira","status":"publish","type":"page","link":"https:\/\/fundicaometalurgicafenix.com.br\/?page_id=195","title":{"rendered":"Jato de granalha com esteira"},"content":{"rendered":"<p>[vc_row][vc_column]\r\n\r\n\r\n    <h2 id=\"hd-6a01ff5ee513e\" class=\"li-heading  center fw-bold         vc_custom_1577389567922\" style=\"color: #dd8500;\" >\r\n        Jato de granalha com esteira            <\/h2>\r\n\r\n\r\n\r\n    [\/vc_column][\/vc_row][vc_row][vc_column width=&#8221;2\/3&#8243;]\r\n\r\n    <div id=\"tb-6a01ff5ee51b2\" class=\"li-textblock         \"  >\r\n        <h2>Capacidade: 2,0 ton \/ h<\/h2>\n<h2 style=\"text-align: justify;\">Excelente equipamento que proporciona qualidade e economia de tempo de jateamento , pois, o sistema de esteira em movimento, efetua automaticamente o tombamento das pe\u00e7as na c\u00e2mara de jateamento e n\u00e3o necessita de interrup\u00e7\u00e3o do ciclo para reposicionamento das faces das pe\u00e7as n\u00e3o jateadas.<\/h2>\n    <\/div>\r\n\r\n\r\n     [\/vc_column][vc_column width=&#8221;1\/3&#8243;]\r\n\r\n    <div id=\"img-6a01ff5ee5252\" class=\"li-image          \" >\r\n\r\n        \r\n            \r\n                <img loading=\"lazy\" decoding=\"async\" width=\"1378\" height=\"2069\" src=\"https:\/\/fundicaometalurgicafenix.com.br\/wp-content\/uploads\/2019\/12\/013.png\" class=\"img-responsive\" alt=\"\" srcset=\"https:\/\/fundicaometalurgicafenix.com.br\/wp-content\/uploads\/2019\/12\/013.png 1378w, https:\/\/fundicaometalurgicafenix.com.br\/wp-content\/uploads\/2019\/12\/013-200x300.png 200w, https:\/\/fundicaometalurgicafenix.com.br\/wp-content\/uploads\/2019\/12\/013-682x1024.png 682w, https:\/\/fundicaometalurgicafenix.com.br\/wp-content\/uploads\/2019\/12\/013-768x1153.png 768w, https:\/\/fundicaometalurgicafenix.com.br\/wp-content\/uploads\/2019\/12\/013-1023x1536.png 1023w, https:\/\/fundicaometalurgicafenix.com.br\/wp-content\/uploads\/2019\/12\/013-1364x2048.png 1364w\" sizes=\"auto, (max-width: 1378px) 100vw, 1378px\" \/>\r\n            \r\n        \r\n    <\/div>\r\n\r\n     [\/vc_column][\/vc_row]<\/p>\n","protected":false},"excerpt":{"rendered":"<p>[vc_row][vc_column][\/vc_column][\/vc_row][vc_row][vc_column width=&#8221;2\/3&#8243;][\/vc_column][vc_column width=&#8221;1\/3&#8243;][\/vc_column][\/vc_row]<\/p>\n","protected":false},"author":1,"featured_media":0,"parent":0,"menu_order":0,"comment_status":"closed","ping_status":"closed","template":"","meta":{"footnotes":""},"class_list":["post-195","page","type-page","status-publish","hentry"],"_links":{"self":[{"href":"https:\/\/fundicaometalurgicafenix.com.br\/index.php?rest_route=\/wp\/v2\/pages\/195","targetHints":{"allow":["GET"]}}],"collection":[{"href":"https:\/\/fundicaometalurgicafenix.com.br\/index.php?rest_route=\/wp\/v2\/pages"}],"about":[{"href":"https:\/\/fundicaometalurgicafenix.com.br\/index.php?rest_route=\/wp\/v2\/types\/page"}],"author":[{"embeddable":true,"href":"https:\/\/fundicaometalurgicafenix.com.br\/index.php?rest_route=\/wp\/v2\/users\/1"}],"replies":[{"embeddable":true,"href":"https:\/\/fundicaometalurgicafenix.com.br\/index.php?rest_route=%2Fwp%2Fv2%2Fcomments&post=195"}],"version-history":[{"count":2,"href":"https:\/\/fundicaometalurgicafenix.com.br\/index.php?rest_route=\/wp\/v2\/pages\/195\/revisions"}],"predecessor-version":[{"id":197,"href":"https:\/\/fundicaometalurgicafenix.com.br\/index.php?rest_route=\/wp\/v2\/pages\/195\/revisions\/197"}],"wp:attachment":[{"href":"https:\/\/fundicaometalurgicafenix.com.br\/index.php?rest_route=%2Fwp%2Fv2%2Fmedia&parent=195"}],"curies":[{"name":"wp","href":"https:\/\/api.w.org\/{rel}","templated":true}]}}