{"id":199,"date":"2019-12-26T16:49:14","date_gmt":"2019-12-26T19:49:14","guid":{"rendered":"https:\/\/fundicaometalurgicafenix.com.br\/?page_id=199"},"modified":"2019-12-26T16:55:52","modified_gmt":"2019-12-26T19:55:52","slug":"panelas-para-vazamento","status":"publish","type":"page","link":"https:\/\/fundicaometalurgicafenix.com.br\/?page_id=199","title":{"rendered":"Panelas para vazamento"},"content":{"rendered":"<p>[vc_row][vc_column]\r\n\r\n\r\n    <h2 id=\"hd-6a01feb09ea2c\" class=\"li-heading  center fw-bold         vc_custom_1577389981878\" style=\"color: #dd8500;\" >\r\n        Panelas para vazamento            <\/h2>\r\n\r\n\r\n\r\n    [\/vc_column][\/vc_row][vc_row][vc_column width=&#8221;1\/4&#8243;][vc_images_carousel images=&#8221;132,201&#8243; img_size=&#8221;medium&#8221; speed=&#8221;3000&#8243; autoplay=&#8221;yes&#8221; hide_pagination_control=&#8221;yes&#8221; hide_prev_next_buttons=&#8221;yes&#8221; wrap=&#8221;yes&#8221;][\/vc_column][vc_column width=&#8221;3\/4&#8243;]\r\n\r\n    <div id=\"tb-6a01feb09ea92\" class=\"li-textblock          vc_custom_1577390144238\"  >\r\n        <h2 style=\"text-align: justify;\">Capacidade: temos panelas para capacidade de 50 kg at\u00e9 4.000 kg de metal l\u00edquido.<\/h2>\n<h2 style=\"text-align: justify;\">S\u00e3o equipamentos com redutores acoplados para efeturar o manuseio, transporte e tratamentos metal\u00fargicos no metal l\u00edquido.<\/h2>\n    <\/div>\r\n\r\n\r\n     [\/vc_column][\/vc_row]<\/p>\n","protected":false},"excerpt":{"rendered":"<p>[vc_row][vc_column][\/vc_column][\/vc_row][vc_row][vc_column width=&#8221;1\/4&#8243;][vc_images_carousel images=&#8221;132,201&#8243; img_size=&#8221;medium&#8221; speed=&#8221;3000&#8243; autoplay=&#8221;yes&#8221; hide_pagination_control=&#8221;yes&#8221; hide_prev_next_buttons=&#8221;yes&#8221; wrap=&#8221;yes&#8221;][\/vc_column][vc_column width=&#8221;3\/4&#8243;][\/vc_column][\/vc_row]<\/p>\n","protected":false},"author":1,"featured_media":0,"parent":0,"menu_order":0,"comment_status":"closed","ping_status":"closed","template":"","meta":{"footnotes":""},"class_list":["post-199","page","type-page","status-publish","hentry"],"_links":{"self":[{"href":"https:\/\/fundicaometalurgicafenix.com.br\/index.php?rest_route=\/wp\/v2\/pages\/199","targetHints":{"allow":["GET"]}}],"collection":[{"href":"https:\/\/fundicaometalurgicafenix.com.br\/index.php?rest_route=\/wp\/v2\/pages"}],"about":[{"href":"https:\/\/fundicaometalurgicafenix.com.br\/index.php?rest_route=\/wp\/v2\/types\/page"}],"author":[{"embeddable":true,"href":"https:\/\/fundicaometalurgicafenix.com.br\/index.php?rest_route=\/wp\/v2\/users\/1"}],"replies":[{"embeddable":true,"href":"https:\/\/fundicaometalurgicafenix.com.br\/index.php?rest_route=%2Fwp%2Fv2%2Fcomments&post=199"}],"version-history":[{"count":2,"href":"https:\/\/fundicaometalurgicafenix.com.br\/index.php?rest_route=\/wp\/v2\/pages\/199\/revisions"}],"predecessor-version":[{"id":202,"href":"https:\/\/fundicaometalurgicafenix.com.br\/index.php?rest_route=\/wp\/v2\/pages\/199\/revisions\/202"}],"wp:attachment":[{"href":"https:\/\/fundicaometalurgicafenix.com.br\/index.php?rest_route=%2Fwp%2Fv2%2Fmedia&parent=199"}],"curies":[{"name":"wp","href":"https:\/\/api.w.org\/{rel}","templated":true}]}}