{"id":348,"date":"2021-03-09T07:32:07","date_gmt":"2021-03-09T10:32:07","guid":{"rendered":"https:\/\/fundicaometalurgicafenix.com.br\/?page_id=348"},"modified":"2021-03-09T10:10:55","modified_gmt":"2021-03-09T13:10:55","slug":"equipamentos-2","status":"publish","type":"page","link":"https:\/\/fundicaometalurgicafenix.com.br\/?page_id=348","title":{"rendered":"Equipamentos"},"content":{"rendered":"<p>[vc_row][vc_column]\r\n\r\n\r\n    <h2 id=\"hd-6a01fdae62b55\" class=\"li-heading  center fw-bold        \" style=\"color: #dd8500;\" >\r\n        Aqui voc\u00ea encontra todos os nossos Equipamentos.            <\/h2>\r\n\r\n\r\n\r\n    [\/vc_column][\/vc_row][vc_row][vc_column width=&#8221;1\/3&#8243;]\r\n\r\n    <div id=\"img-6a01fdae62bb3\" class=\"li-image  center        \" >\r\n\r\n        \r\n            \r\n                <img loading=\"lazy\" decoding=\"async\" width=\"187\" height=\"300\" src=\"https:\/\/fundicaometalurgicafenix.com.br\/wp-content\/uploads\/2019\/12\/014-187x300.png\" class=\"img-responsive\" alt=\"\" srcset=\"https:\/\/fundicaometalurgicafenix.com.br\/wp-content\/uploads\/2019\/12\/014-187x300.png 187w, https:\/\/fundicaometalurgicafenix.com.br\/wp-content\/uploads\/2019\/12\/014-639x1024.png 639w, https:\/\/fundicaometalurgicafenix.com.br\/wp-content\/uploads\/2019\/12\/014-768x1230.png 768w, https:\/\/fundicaometalurgicafenix.com.br\/wp-content\/uploads\/2019\/12\/014-959x1536.png 959w, https:\/\/fundicaometalurgicafenix.com.br\/wp-content\/uploads\/2019\/12\/014.png 1220w\" sizes=\"auto, (max-width: 187px) 100vw, 187px\" \/>\r\n            \r\n        \r\n    <\/div>\r\n\r\n     \r\n\r\n\r\n    <h4 id=\"hd-6a01fdae62fec\" class=\"li-heading  center fw-bold        \"  >\r\n        Espectr\u00f4metro        <small  class=\"fw-light\">Espectr\u00f4metro para an\u00e1lise de composi\u00e7\u00e3o qu\u00edmica.<\/small>    <\/h4>\r\n\r\n\r\n\r\n    <div class=\"btn-wrapper center \"><a href=\"https:\/\/fundicaometalurgicafenix.com.br\/?page_id=207\" title=\"Espectr\u00f4metro\"  class=\"btn  btn-sm  \" id=\"btn-6a01fdae63007\">Saiba mais<\/a><\/div>[\/vc_column][vc_column width=&#8221;1\/3&#8243;]\r\n\r\n    <div id=\"img-6a01fdae63052\" class=\"li-image  center        \" >\r\n\r\n        \r\n            \r\n                <a href=\"https:\/\/fundicaometalurgicafenix.com.br\/?page_id=107\" title=\"Forno Cubilot a Coque\" ><img loading=\"lazy\" decoding=\"async\" width=\"225\" height=\"300\" src=\"https:\/\/fundicaometalurgicafenix.com.br\/wp-content\/uploads\/2019\/12\/09-225x300.png\" class=\"img-responsive\" alt=\"\" srcset=\"https:\/\/fundicaometalurgicafenix.com.br\/wp-content\/uploads\/2019\/12\/09-225x300.png 225w, https:\/\/fundicaometalurgicafenix.com.br\/wp-content\/uploads\/2019\/12\/09-768x1024.png 768w, https:\/\/fundicaometalurgicafenix.com.br\/wp-content\/uploads\/2019\/12\/09-1152x1536.png 1152w, https:\/\/fundicaometalurgicafenix.com.br\/wp-content\/uploads\/2019\/12\/09-1536x2048.png 1536w\" sizes=\"auto, (max-width: 225px) 100vw, 225px\" \/><\/a>\r\n\r\n            \r\n        \r\n    <\/div>\r\n\r\n     \r\n\r\n\r\n    <h4 id=\"hd-6a01fdae633d0\" class=\"li-heading  center fw-bold        \"  >\r\n        Forno Cubilot        <small  class=\"fw-light\">Forno de fus\u00e3o cont\u00ednua de baixo custo de produ\u00e7\u00e3o<\/small>    <\/h4>\r\n\r\n\r\n\r\n    <div class=\"btn-wrapper center \"><a href=\"https:\/\/fundicaometalurgicafenix.com.br\/?page_id=107\" title=\"Forno Cubilot a Coque\"  class=\"btn  btn-sm  \" id=\"btn-6a01fdae633e7\">Saiba mais<\/a><\/div>[\/vc_column][vc_column width=&#8221;1\/3&#8243;]\r\n\r\n    <div id=\"img-6a01fdae6340c\" class=\"li-image  center         vc_custom_1615287229600\" >\r\n\r\n        \r\n            \r\n                <a href=\"https:\/\/fundicaometalurgicafenix.com.br\/?page_id=115\" title=\"Forno el\u00e9trico a indu\u00e7\u00e3o\" ><img loading=\"lazy\" decoding=\"async\" width=\"300\" height=\"202\" src=\"https:\/\/fundicaometalurgicafenix.com.br\/wp-content\/uploads\/2019\/12\/010-300x202.png\" class=\"img-responsive\" alt=\"\" srcset=\"https:\/\/fundicaometalurgicafenix.com.br\/wp-content\/uploads\/2019\/12\/010-300x202.png 300w, https:\/\/fundicaometalurgicafenix.com.br\/wp-content\/uploads\/2019\/12\/010-1024x691.png 1024w, https:\/\/fundicaometalurgicafenix.com.br\/wp-content\/uploads\/2019\/12\/010-768x518.png 768w, https:\/\/fundicaometalurgicafenix.com.br\/wp-content\/uploads\/2019\/12\/010-1536x1036.png 1536w, https:\/\/fundicaometalurgicafenix.com.br\/wp-content\/uploads\/2019\/12\/010.png 1956w\" sizes=\"auto, (max-width: 300px) 100vw, 300px\" \/><\/a>\r\n\r\n            \r\n        \r\n    <\/div>\r\n\r\n     \r\n\r\n\r\n    <h4 id=\"hd-6a01fdae63740\" class=\"li-heading  center fw-bold         vc_custom_1615287296815\"  >\r\n        Forno el\u00e9trico        <small  class=\"fw-light\">Forno que utiliza energia el\u00e9trica por indu\u00e7\u00e3o para fus\u00e3o<\/small>    <\/h4>\r\n\r\n\r\n\r\n    <div class=\"btn-wrapper center \"><a href=\"https:\/\/fundicaometalurgicafenix.com.br\/?page_id=115\" title=\"Forno el\u00e9trico a indu\u00e7\u00e3o\"  class=\"btn  btn-sm  \" id=\"btn-6a01fdae6375a\">Saiba mais<\/a><\/div>[\/vc_column][\/vc_row][vc_row][vc_column width=&#8221;1\/3&#8243;]\r\n\r\n    <div id=\"img-6a01fdae6377f\" class=\"li-image  center        \" >\r\n\r\n        \r\n            \r\n                <a href=\"https:\/\/fundicaometalurgicafenix.com.br\/?page_id=195\" title=\"Jato de granalha com esteira\" ><img loading=\"lazy\" decoding=\"async\" width=\"200\" height=\"300\" src=\"https:\/\/fundicaometalurgicafenix.com.br\/wp-content\/uploads\/2019\/12\/013-200x300.png\" class=\"img-responsive\" alt=\"\" srcset=\"https:\/\/fundicaometalurgicafenix.com.br\/wp-content\/uploads\/2019\/12\/013-200x300.png 200w, https:\/\/fundicaometalurgicafenix.com.br\/wp-content\/uploads\/2019\/12\/013-682x1024.png 682w, https:\/\/fundicaometalurgicafenix.com.br\/wp-content\/uploads\/2019\/12\/013-768x1153.png 768w, https:\/\/fundicaometalurgicafenix.com.br\/wp-content\/uploads\/2019\/12\/013-1023x1536.png 1023w, https:\/\/fundicaometalurgicafenix.com.br\/wp-content\/uploads\/2019\/12\/013-1364x2048.png 1364w, https:\/\/fundicaometalurgicafenix.com.br\/wp-content\/uploads\/2019\/12\/013.png 1378w\" sizes=\"auto, (max-width: 200px) 100vw, 200px\" \/><\/a>\r\n\r\n            \r\n        \r\n    <\/div>\r\n\r\n     \r\n\r\n\r\n    <h4 id=\"hd-6a01fdae63a7d\" class=\"li-heading  center fw-bold        \"  >\r\n        Jato de granalha         <small  class=\"fw-light\">Excelente equipamento que proporciona qualidade e economia de tempo<\/small>    <\/h4>\r\n\r\n\r\n\r\n    <div class=\"btn-wrapper center \"><a href=\"https:\/\/fundicaometalurgicafenix.com.br\/?page_id=195\" title=\"Jato de granalha com esteira\"  class=\"btn  btn-sm  \" id=\"btn-6a01fdae63a93\">Saiba mais<\/a><\/div>[\/vc_column][vc_column width=&#8221;1\/3&#8243;]\r\n\r\n    <div id=\"img-6a01fdae63ab7\" class=\"li-image  center         vc_custom_1615295134599\" >\r\n\r\n        \r\n            \r\n                <a href=\"https:\/\/fundicaometalurgicafenix.com.br\/?page_id=199\" title=\"Forno Cubilot a Coque\" ><img loading=\"lazy\" decoding=\"async\" width=\"300\" height=\"225\" src=\"https:\/\/fundicaometalurgicafenix.com.br\/wp-content\/uploads\/2019\/12\/015-300x225.png\" class=\"img-responsive\" alt=\"\" srcset=\"https:\/\/fundicaometalurgicafenix.com.br\/wp-content\/uploads\/2019\/12\/015-300x225.png 300w, https:\/\/fundicaometalurgicafenix.com.br\/wp-content\/uploads\/2019\/12\/015-1024x767.png 1024w, https:\/\/fundicaometalurgicafenix.com.br\/wp-content\/uploads\/2019\/12\/015-768x575.png 768w, https:\/\/fundicaometalurgicafenix.com.br\/wp-content\/uploads\/2019\/12\/015-1536x1150.png 1536w, https:\/\/fundicaometalurgicafenix.com.br\/wp-content\/uploads\/2019\/12\/015.png 1611w\" sizes=\"auto, (max-width: 300px) 100vw, 300px\" \/><\/a>\r\n\r\n            \r\n        \r\n    <\/div>\r\n\r\n     \r\n\r\n\r\n    <h4 id=\"hd-6a01fdae63e82\" class=\"li-heading  center fw-bold         vc_custom_1615295164897\"  >\r\n        Panelas para vazamento        <small  class=\"fw-light\">temos panelas para capacidade de 50 kg at\u00e9 4.000<\/small>    <\/h4>\r\n\r\n\r\n\r\n    <div class=\"btn-wrapper center \"><a href=\"https:\/\/fundicaometalurgicafenix.com.br\/?page_id=199\" title=\"Panelas para vazamento\"  class=\"btn  btn-sm  \" id=\"btn-6a01fdae63e98\">Saiba mais<\/a><\/div>[\/vc_column][vc_column width=&#8221;1\/3&#8243;]\r\n\r\n    <div id=\"img-6a01fdae63eba\" class=\"li-image  center         vc_custom_1615295415460\" >\r\n\r\n        \r\n            \r\n                <a href=\"https:\/\/fundicaometalurgicafenix.com.br\/?page_id=181\"  ><img loading=\"lazy\" decoding=\"async\" width=\"226\" height=\"300\" src=\"https:\/\/fundicaometalurgicafenix.com.br\/wp-content\/uploads\/2019\/12\/07-226x300.png\" class=\"img-responsive\" alt=\"\" \/><\/a>\r\n\r\n            \r\n        \r\n    <\/div>\r\n\r\n     \r\n\r\n\r\n    <h4 id=\"hd-6a01fdae6418b\" class=\"li-heading  center fw-bold         vc_custom_1615295317096\"  >\r\n        Sistema de molda\u00e7\u00e3o        <small  class=\"fw-light\">Sistema de recupera\u00e7\u00e3o e transporte de areia alimentando um misturador cont\u00ednuo<\/small>    <\/h4>\r\n\r\n\r\n\r\n    <div class=\"btn-wrapper center \"><a href=\"https:\/\/fundicaometalurgicafenix.com.br\/?page_id=181\" title=\"Sistema de molda\u00e7\u00e3o\"  class=\"btn  btn-sm  \" id=\"btn-6a01fdae641a2\">Saiba mais<\/a><\/div>[\/vc_column][\/vc_row]<\/p>\n","protected":false},"excerpt":{"rendered":"<p>[vc_row][vc_column][\/vc_column][\/vc_row][vc_row][vc_column width=&#8221;1\/3&#8243;][\/vc_column][vc_column width=&#8221;1\/3&#8243;][\/vc_column][vc_column width=&#8221;1\/3&#8243;][\/vc_column][\/vc_row][vc_row][vc_column width=&#8221;1\/3&#8243;][\/vc_column][vc_column width=&#8221;1\/3&#8243;][\/vc_column][vc_column width=&#8221;1\/3&#8243;][\/vc_column][\/vc_row]<\/p>\n","protected":false},"author":1,"featured_media":0,"parent":0,"menu_order":0,"comment_status":"closed","ping_status":"closed","template":"","meta":{"footnotes":""},"class_list":["post-348","page","type-page","status-publish","hentry"],"_links":{"self":[{"href":"https:\/\/fundicaometalurgicafenix.com.br\/index.php?rest_route=\/wp\/v2\/pages\/348","targetHints":{"allow":["GET"]}}],"collection":[{"href":"https:\/\/fundicaometalurgicafenix.com.br\/index.php?rest_route=\/wp\/v2\/pages"}],"about":[{"href":"https:\/\/fundicaometalurgicafenix.com.br\/index.php?rest_route=\/wp\/v2\/types\/page"}],"author":[{"embeddable":true,"href":"https:\/\/fundicaometalurgicafenix.com.br\/index.php?rest_route=\/wp\/v2\/users\/1"}],"replies":[{"embeddable":true,"href":"https:\/\/fundicaometalurgicafenix.com.br\/index.php?rest_route=%2Fwp%2Fv2%2Fcomments&post=348"}],"version-history":[{"count":10,"href":"https:\/\/fundicaometalurgicafenix.com.br\/index.php?rest_route=\/wp\/v2\/pages\/348\/revisions"}],"predecessor-version":[{"id":359,"href":"https:\/\/fundicaometalurgicafenix.com.br\/index.php?rest_route=\/wp\/v2\/pages\/348\/revisions\/359"}],"wp:attachment":[{"href":"https:\/\/fundicaometalurgicafenix.com.br\/index.php?rest_route=%2Fwp%2Fv2%2Fmedia&parent=348"}],"curies":[{"name":"wp","href":"https:\/\/api.w.org\/{rel}","templated":true}]}}