{"id":75,"date":"2019-12-17T11:24:15","date_gmt":"2019-12-17T14:24:15","guid":{"rendered":"https:\/\/fundicaometalurgicafenix.com.br\/?page_id=75"},"modified":"2021-03-08T16:50:06","modified_gmt":"2021-03-08T19:50:06","slug":"sobre-nos","status":"publish","type":"page","link":"https:\/\/fundicaometalurgicafenix.com.br\/?page_id=75","title":{"rendered":"A Empresa"},"content":{"rendered":"<p>[vc_row][vc_column]\r\n\r\n\r\n    <h2 id=\"hd-6a01ff20d24bd\" class=\"li-heading  left fw-bold         vc_custom_1576602314458\" style=\"color: #dd9933;\" >\r\n        A Empresa            <\/h2>\r\n\r\n\r\n\r\n    [\/vc_column][\/vc_row][vc_row][vc_column width=&#8221;1\/2&#8243;]\r\n\r\n    <div id=\"tb-6a01ff20d24fc\" class=\"li-textblock          vc_custom_1576594775037\"  >\r\n        <p style=\"text-align: justify;\">A METALURGICA F\u00caNIX \u00e9 uma empresa de fundi\u00e7\u00e3o de pe\u00e7as, localizada em Prudente de Morais\/MG, pr\u00f3xima a cidade Sete Lagoas, onde se encontra grandes produtores de ferro gusa (principal mat\u00e9ria prima da fundi\u00e7\u00e3o). Sendo assim, n\u00e3o temos custos com frete para aquisi\u00e7\u00e3o desta mat\u00e9ria prima e conseguimos repassar esta vantagem para nossos clientes em forma de melhores condi\u00e7\u00f5es comerciais para fornecimento de pe\u00e7as fundidas.<\/p>\n    <\/div>\r\n\r\n\r\n     \r\n\r\n    <div id=\"tb-6a01ff20d256d\" class=\"li-textblock          vc_custom_1615232931534\"  >\r\n        <p>Em\u00a0mar\u00e7o de 2018, iniciamos a instala\u00e7\u00e3o de uma nova filial, localizada na cidade de S\u00e3o Jos\u00e9 Do Belmonte \u2013 PE, com a vis\u00e3o de atender o mercado das regi\u00f5es norte e nordeste do pa\u00eds.<\/p>\n    <\/div>\r\n\r\n\r\n     \r\n\r\n    <div id=\"tb-6a01ff20d25ae\" class=\"li-textblock          vc_custom_1576594523654\"  >\r\n        <p style=\"text-align: justify;\">Em busca de prosperidade e sustentabilidade, e para atender o mercado cada vez mais exigente, a METALURGICA F\u00caNIX incrementou o processo de fus\u00e3o da f\u00e1brica, que dispunha somente de um forno cubilot com capacidade de 10 ton\/hora.<\/p>\n    <\/div>\r\n\r\n\r\n     \r\n\r\n    <div id=\"tb-6a01ff20d25eb\" class=\"li-textblock          vc_custom_1576594532695\"  >\r\n        <p style=\"text-align: justify;\">Foi adquirido recentemente, um forno de indu\u00e7\u00e3o el\u00e9trica com dois cadinhos de capacidade 2.200 kg cada. Este equipamento proporciona versatilidade para elabora\u00e7\u00e3o de diversos tipos de ligas com controles metal\u00fargicos apurados para garantir faixas estreitas de composi\u00e7\u00e3o qu\u00edmica e propriedades mec\u00e2nicas satisfat\u00f3rias das pe\u00e7as produzidas. Portanto, estamos ofertando pe\u00e7as fundidas para m\u00faltiplos seguimentos e em diversos tipos de ligas:<\/p>\n    <\/div>\r\n\r\n\r\n     \r\n\r\n    <div id=\"tb-6a01ff20d262a\" class=\"li-textblock          vc_custom_1615232967855\"  >\r\n        <ul>\n<li>Ferro fundido cinzento<\/li>\n<li>Ferro fundido nodular<\/li>\n<li>Ferro fundido branco especiais, ni-hard<\/li>\n<li>A\u00e7os ligados e inoxid\u00e1veis<\/li>\n<\/ul>\n    <\/div>\r\n\r\n\r\n     [\/vc_column][vc_column width=&#8221;1\/2&#8243;]\r\n\r\n    <div id=\"img-6a01ff20d2685\" class=\"li-image  right         vc_custom_1576594393480\" >\r\n\r\n        \r\n            \r\n                <img loading=\"lazy\" decoding=\"async\" width=\"455\" height=\"788\" src=\"https:\/\/fundicaometalurgicafenix.com.br\/wp-content\/uploads\/2019\/12\/sobre.png\" class=\"img-responsive\" alt=\"\" srcset=\"https:\/\/fundicaometalurgicafenix.com.br\/wp-content\/uploads\/2019\/12\/sobre.png 455w, https:\/\/fundicaometalurgicafenix.com.br\/wp-content\/uploads\/2019\/12\/sobre-173x300.png 173w\" sizes=\"auto, (max-width: 455px) 100vw, 455px\" \/>\r\n            \r\n        \r\n    <\/div>\r\n\r\n     [\/vc_column][\/vc_row][vc_row][vc_column width=&#8221;1\/2&#8243;]\r\n\r\n\r\n    <h2 id=\"hd-6a01ff20d2b4b\" class=\"li-heading  left fw-bold        \" style=\"color: #dd8500;\" >\r\n        Miss\u00e3o            <\/h2>\r\n\r\n\r\n\r\n    \r\n\r\n    <div id=\"tb-6a01ff20d2b67\" class=\"li-textblock         \"  >\r\n        <h3 style=\"text-align: justify;\">Fabricar pe\u00e7as de alta confiabilidade prontas para uso, baseando-se em melhorias cont\u00ednuas dos nossos processos produtivos, garantindo assim, que seus produtos, atendam de forma sustent\u00e1vel, aos requisitos de pre\u00e7o, qualidade e prazo, sustentando o crescimento e a rentabilidade da empresa.<\/h3>\n    <\/div>\r\n\r\n\r\n     [\/vc_column][vc_column width=&#8221;1\/2&#8243;]\r\n\r\n    <div id=\"img-6a01ff20d2bd6\" class=\"li-image  center        \" >\r\n\r\n        \r\n            \r\n                <img loading=\"lazy\" decoding=\"async\" width=\"300\" height=\"200\" src=\"https:\/\/fundicaometalurgicafenix.com.br\/wp-content\/uploads\/2019\/12\/target-3535310_1920-300x200.jpg\" class=\"img-responsive\" alt=\"\" srcset=\"https:\/\/fundicaometalurgicafenix.com.br\/wp-content\/uploads\/2019\/12\/target-3535310_1920-300x200.jpg 300w, https:\/\/fundicaometalurgicafenix.com.br\/wp-content\/uploads\/2019\/12\/target-3535310_1920-1024x683.jpg 1024w, https:\/\/fundicaometalurgicafenix.com.br\/wp-content\/uploads\/2019\/12\/target-3535310_1920-768x512.jpg 768w, https:\/\/fundicaometalurgicafenix.com.br\/wp-content\/uploads\/2019\/12\/target-3535310_1920-1536x1024.jpg 1536w, https:\/\/fundicaometalurgicafenix.com.br\/wp-content\/uploads\/2019\/12\/target-3535310_1920.jpg 1920w\" sizes=\"auto, (max-width: 300px) 100vw, 300px\" \/>\r\n            \r\n        \r\n    <\/div>\r\n\r\n     [\/vc_column][\/vc_row][vc_row][vc_column width=&#8221;1\/2&#8243;]\r\n\r\n    <div id=\"img-6a01ff20d309f\" class=\"li-image  center         vc_custom_1577393426301\" >\r\n\r\n        \r\n            \r\n                <img loading=\"lazy\" decoding=\"async\" width=\"300\" height=\"225\" src=\"https:\/\/fundicaometalurgicafenix.com.br\/wp-content\/uploads\/2019\/12\/arrow-2889040_1920-300x225.jpg\" class=\"img-responsive\" alt=\"\" srcset=\"https:\/\/fundicaometalurgicafenix.com.br\/wp-content\/uploads\/2019\/12\/arrow-2889040_1920-300x225.jpg 300w, https:\/\/fundicaometalurgicafenix.com.br\/wp-content\/uploads\/2019\/12\/arrow-2889040_1920-1024x768.jpg 1024w, https:\/\/fundicaometalurgicafenix.com.br\/wp-content\/uploads\/2019\/12\/arrow-2889040_1920-768x576.jpg 768w, https:\/\/fundicaometalurgicafenix.com.br\/wp-content\/uploads\/2019\/12\/arrow-2889040_1920-1536x1152.jpg 1536w, https:\/\/fundicaometalurgicafenix.com.br\/wp-content\/uploads\/2019\/12\/arrow-2889040_1920.jpg 1920w\" sizes=\"auto, (max-width: 300px) 100vw, 300px\" \/>\r\n            \r\n        \r\n    <\/div>\r\n\r\n     [\/vc_column][vc_column width=&#8221;1\/2&#8243;]\r\n\r\n\r\n    <h2 id=\"hd-6a01ff20d34fa\" class=\"li-heading  left fw-bold        \" style=\"color: #dd8500;\" >\r\n        Vis\u00e3o            <\/h2>\r\n\r\n\r\n\r\n    \r\n\r\n    <div id=\"tb-6a01ff20d3514\" class=\"li-textblock         \"  >\r\n        <h3 style=\"text-align: justify;\">Desenvolver novos nichos de produtos e clientes com poss\u00edvel implementa\u00e7\u00e3o de novas tecnologias de processo, nos segmentos da siderurgia, automotiva, manuten\u00e7\u00e3o, e ferrovi\u00e1ria , para aumento da rentabilidade da empresa em um per\u00edodo de m\u00e9dio prazo.<\/h3>\n    <\/div>\r\n\r\n\r\n     [\/vc_column][\/vc_row][vc_row][vc_column width=&#8221;1\/2&#8243;]\r\n\r\n\r\n    <h2 id=\"hd-6a01ff20d3586\" class=\"li-heading  left fw-bold        \" style=\"color: #dd8500;\" >\r\n        Valores            <\/h2>\r\n\r\n\r\n\r\n    \r\n\r\n    <div id=\"tb-6a01ff20d359a\" class=\"li-textblock         \"  >\r\n        <h3 style=\"text-align: justify;\">\u00c9tica nas suas opera\u00e7\u00f5es, \u00a0busca pela excel\u00eancia, respeito ao meio ambiente e foco na proposi\u00e7\u00e3o de solu\u00e7\u00f5es aos clientes.<\/h3>\n    <\/div>\r\n\r\n\r\n     [\/vc_column][vc_column width=&#8221;1\/2&#8243;]\r\n\r\n    <div id=\"img-6a01ff20d35df\" class=\"li-image  center         vc_custom_1577393495394\" >\r\n\r\n        \r\n            \r\n                <img loading=\"lazy\" decoding=\"async\" width=\"300\" height=\"200\" src=\"https:\/\/fundicaometalurgicafenix.com.br\/wp-content\/uploads\/2019\/12\/coins-1523383_1920-300x200.jpg\" class=\"img-responsive\" alt=\"\" srcset=\"https:\/\/fundicaometalurgicafenix.com.br\/wp-content\/uploads\/2019\/12\/coins-1523383_1920-300x200.jpg 300w, https:\/\/fundicaometalurgicafenix.com.br\/wp-content\/uploads\/2019\/12\/coins-1523383_1920-1024x683.jpg 1024w, https:\/\/fundicaometalurgicafenix.com.br\/wp-content\/uploads\/2019\/12\/coins-1523383_1920-768x512.jpg 768w, https:\/\/fundicaometalurgicafenix.com.br\/wp-content\/uploads\/2019\/12\/coins-1523383_1920-1536x1024.jpg 1536w, https:\/\/fundicaometalurgicafenix.com.br\/wp-content\/uploads\/2019\/12\/coins-1523383_1920.jpg 1920w\" sizes=\"auto, (max-width: 300px) 100vw, 300px\" \/>\r\n            \r\n        \r\n    <\/div>\r\n\r\n     [\/vc_column][\/vc_row]<\/p>\n","protected":false},"excerpt":{"rendered":"<p>[vc_row][vc_column][\/vc_column][\/vc_row][vc_row][vc_column width=&#8221;1\/2&#8243;][\/vc_column][vc_column width=&#8221;1\/2&#8243;][\/vc_column][\/vc_row][vc_row][vc_column width=&#8221;1\/2&#8243;][\/vc_column][vc_column width=&#8221;1\/2&#8243;][\/vc_column][\/vc_row][vc_row][vc_column width=&#8221;1\/2&#8243;][\/vc_column][vc_column width=&#8221;1\/2&#8243;][\/vc_column][\/vc_row][vc_row][vc_column width=&#8221;1\/2&#8243;][\/vc_column][vc_column width=&#8221;1\/2&#8243;][\/vc_column][\/vc_row]<\/p>\n","protected":false},"author":1,"featured_media":0,"parent":0,"menu_order":0,"comment_status":"closed","ping_status":"closed","template":"","meta":{"footnotes":""},"class_list":["post-75","page","type-page","status-publish","hentry"],"_links":{"self":[{"href":"https:\/\/fundicaometalurgicafenix.com.br\/index.php?rest_route=\/wp\/v2\/pages\/75","targetHints":{"allow":["GET"]}}],"collection":[{"href":"https:\/\/fundicaometalurgicafenix.com.br\/index.php?rest_route=\/wp\/v2\/pages"}],"about":[{"href":"https:\/\/fundicaometalurgicafenix.com.br\/index.php?rest_route=\/wp\/v2\/types\/page"}],"author":[{"embeddable":true,"href":"https:\/\/fundicaometalurgicafenix.com.br\/index.php?rest_route=\/wp\/v2\/users\/1"}],"replies":[{"embeddable":true,"href":"https:\/\/fundicaometalurgicafenix.com.br\/index.php?rest_route=%2Fwp%2Fv2%2Fcomments&post=75"}],"version-history":[{"count":20,"href":"https:\/\/fundicaometalurgicafenix.com.br\/index.php?rest_route=\/wp\/v2\/pages\/75\/revisions"}],"predecessor-version":[{"id":330,"href":"https:\/\/fundicaometalurgicafenix.com.br\/index.php?rest_route=\/wp\/v2\/pages\/75\/revisions\/330"}],"wp:attachment":[{"href":"https:\/\/fundicaometalurgicafenix.com.br\/index.php?rest_route=%2Fwp%2Fv2%2Fmedia&parent=75"}],"curies":[{"name":"wp","href":"https:\/\/api.w.org\/{rel}","templated":true}]}}